{"id":33091,"date":"2018-07-27T12:19:46","date_gmt":"2018-07-27T10:19:46","guid":{"rendered":"http:\/\/yenco.it\/ordina-online\/negozio\/senza%20categoria\/import-placeholder-for-0189-dentina-mc-enliven\/"},"modified":"2025-07-18T13:00:23","modified_gmt":"2025-07-18T11:00:23","slug":"dentina-mc-enliven","status":"publish","type":"product","link":"https:\/\/yenco.it\/ordina-online\/negozio\/ceramica\/mc-enliven-metallo-ceramica\/dentina-mc-enliven\/","title":{"rendered":"Dentina MC enliven"},"content":{"rendered":"","protected":false},"excerpt":{"rendered":"<p>enliven \u00e8 una metallo ceramica completamente nuova, pi\u00f9 luminosa e ancora pi\u00f9 facile da usare. Crea corone dalla brillantezza profonda e vitale senza ricorrere alla complessit\u00e0 della stratificazione multipla.  Confezioni disponibili: 20 gr., 50 gr. Colori: A1-D4, BL2 e BL3.<\/p>\n","protected":false},"featured_media":17810,"template":"","meta":{"_et_pb_use_builder":"","_et_pb_old_content":"","_et_gb_content_width":""},"product_brand":[],"product_cat":[159],"product_tag":[],"class_list":{"0":"post-33091","1":"product","2":"type-product","3":"status-publish","4":"has-post-thumbnail","6":"product_cat-mc-enliven-metallo-ceramica","7":"pa_variante-colore-201","8":"pa_variante-colore-a1","9":"pa_variante-colore-a2","10":"pa_variante-colore-a3","11":"pa_variante-colore-a3-5","12":"pa_variante-colore-a4","13":"pa_variante-colore-b1","14":"pa_variante-colore-b2","15":"pa_variante-colore-b3","16":"pa_variante-colore-b4","17":"pa_variante-colore-bl2","18":"pa_variante-colore-bl3","19":"pa_variante-colore-c1","20":"pa_variante-colore-c2","21":"pa_variante-colore-c3","22":"pa_variante-colore-c4","23":"pa_variante-colore-d2","24":"pa_variante-colore-d3","25":"pa_variante-colore-d4","26":"pa_variante-formato-20-gr","27":"pa_variante-formato-50-gr","29":"first","30":"instock","31":"taxable","32":"shipping-taxable","33":"purchasable","34":"product-type-variable"},"yoast_head":"<!-- This site is optimized with the Yoast SEO plugin v27.2 - https:\/\/yoast.com\/product\/yoast-seo-wordpress\/ -->\n<title>Dentina MC enliven - Ordina Online<\/title>\n<meta name=\"robots\" content=\"index, follow, max-snippet:-1, max-image-preview:large, max-video-preview:-1\" \/>\n<link rel=\"canonical\" href=\"https:\/\/yenco.it\/ordina-online\/negozio\/ceramica\/mc-enliven-metallo-ceramica\/dentina-mc-enliven\/\" \/>\n<meta property=\"og:locale\" content=\"it_IT\" \/>\n<meta property=\"og:type\" content=\"article\" \/>\n<meta property=\"og:title\" content=\"Dentina MC enliven - Ordina Online\" \/>\n<meta property=\"og:description\" content=\"enliven \u00e8 una metallo ceramica completamente nuova, pi\u00f9 luminosa e ancora pi\u00f9 facile da usare. Crea corone dalla brillantezza profonda e vitale senza ricorrere alla complessit\u00e0 della stratificazione multipla. Confezioni disponibili: 20 gr., 50 gr. Colori: A1-D4, BL2 e BL3.\" \/>\n<meta property=\"og:url\" content=\"https:\/\/yenco.it\/ordina-online\/negozio\/ceramica\/mc-enliven-metallo-ceramica\/dentina-mc-enliven\/\" \/>\n<meta property=\"og:site_name\" content=\"Ordina Online\" \/>\n<meta property=\"article:modified_time\" content=\"2025-07-18T11:00:23+00:00\" \/>\n<meta property=\"og:image\" content=\"https:\/\/yenco.it\/ordina-online\/wp-content\/uploads\/2018\/07\/enliven_dentines_3825.png\" \/>\n\t<meta property=\"og:image:width\" content=\"1379\" \/>\n\t<meta property=\"og:image:height\" content=\"1827\" \/>\n\t<meta property=\"og:image:type\" content=\"image\/png\" \/>\n<meta name=\"twitter:card\" content=\"summary_large_image\" \/>\n<script type=\"application\/ld+json\" class=\"yoast-schema-graph\">{\"@context\":\"https:\/\/schema.org\",\"@graph\":[{\"@type\":\"WebPage\",\"@id\":\"https:\/\/yenco.it\/ordina-online\/negozio\/ceramica\/mc-enliven-metallo-ceramica\/dentina-mc-enliven\/\",\"url\":\"https:\/\/yenco.it\/ordina-online\/negozio\/ceramica\/mc-enliven-metallo-ceramica\/dentina-mc-enliven\/\",\"name\":\"Dentina MC enliven - Ordina Online\",\"isPartOf\":{\"@id\":\"https:\/\/yenco.it\/ordina-online\/#website\"},\"primaryImageOfPage\":{\"@id\":\"https:\/\/yenco.it\/ordina-online\/negozio\/ceramica\/mc-enliven-metallo-ceramica\/dentina-mc-enliven\/#primaryimage\"},\"image\":{\"@id\":\"https:\/\/yenco.it\/ordina-online\/negozio\/ceramica\/mc-enliven-metallo-ceramica\/dentina-mc-enliven\/#primaryimage\"},\"thumbnailUrl\":\"https:\/\/yenco.it\/ordina-online\/wp-content\/uploads\/2018\/07\/enliven_dentines_3825.png\",\"datePublished\":\"2018-07-27T10:19:46+00:00\",\"dateModified\":\"2025-07-18T11:00:23+00:00\",\"breadcrumb\":{\"@id\":\"https:\/\/yenco.it\/ordina-online\/negozio\/ceramica\/mc-enliven-metallo-ceramica\/dentina-mc-enliven\/#breadcrumb\"},\"inLanguage\":\"it-IT\",\"potentialAction\":[{\"@type\":\"ReadAction\",\"target\":[\"https:\/\/yenco.it\/ordina-online\/negozio\/ceramica\/mc-enliven-metallo-ceramica\/dentina-mc-enliven\/\"]}]},{\"@type\":\"ImageObject\",\"inLanguage\":\"it-IT\",\"@id\":\"https:\/\/yenco.it\/ordina-online\/negozio\/ceramica\/mc-enliven-metallo-ceramica\/dentina-mc-enliven\/#primaryimage\",\"url\":\"https:\/\/yenco.it\/ordina-online\/wp-content\/uploads\/2018\/07\/enliven_dentines_3825.png\",\"contentUrl\":\"https:\/\/yenco.it\/ordina-online\/wp-content\/uploads\/2018\/07\/enliven_dentines_3825.png\",\"width\":1379,\"height\":1827},{\"@type\":\"BreadcrumbList\",\"@id\":\"https:\/\/yenco.it\/ordina-online\/negozio\/ceramica\/mc-enliven-metallo-ceramica\/dentina-mc-enliven\/#breadcrumb\",\"itemListElement\":[{\"@type\":\"ListItem\",\"position\":1,\"name\":\"Home\",\"item\":\"https:\/\/yenco.it\/ordina-online\/\"},{\"@type\":\"ListItem\",\"position\":2,\"name\":\"Shop\",\"item\":\"https:\/\/yenco.it\/ordina-online\/\"},{\"@type\":\"ListItem\",\"position\":3,\"name\":\"Dentina MC enliven\"}]},{\"@type\":\"WebSite\",\"@id\":\"https:\/\/yenco.it\/ordina-online\/#website\",\"url\":\"https:\/\/yenco.it\/ordina-online\/\",\"name\":\"Ordina Online\",\"description\":\"Ordina Online - Yen Co\",\"publisher\":{\"@id\":\"https:\/\/yenco.it\/ordina-online\/#organization\"},\"potentialAction\":[{\"@type\":\"SearchAction\",\"target\":{\"@type\":\"EntryPoint\",\"urlTemplate\":\"https:\/\/yenco.it\/ordina-online\/?s={search_term_string}\"},\"query-input\":{\"@type\":\"PropertyValueSpecification\",\"valueRequired\":true,\"valueName\":\"search_term_string\"}}],\"inLanguage\":\"it-IT\"},{\"@type\":\"Organization\",\"@id\":\"https:\/\/yenco.it\/ordina-online\/#organization\",\"name\":\"Ordina Online\",\"url\":\"https:\/\/yenco.it\/ordina-online\/\",\"logo\":{\"@type\":\"ImageObject\",\"inLanguage\":\"it-IT\",\"@id\":\"https:\/\/yenco.it\/ordina-online\/#\/schema\/logo\/image\/\",\"url\":\"https:\/\/yenco.it\/ordina-online\/wp-content\/uploads\/2021\/09\/yenco-la-natura-che-ci-ispira-ordini.png\",\"contentUrl\":\"https:\/\/yenco.it\/ordina-online\/wp-content\/uploads\/2021\/09\/yenco-la-natura-che-ci-ispira-ordini.png\",\"width\":1960,\"height\":459,\"caption\":\"Ordina Online\"},\"image\":{\"@id\":\"https:\/\/yenco.it\/ordina-online\/#\/schema\/logo\/image\/\"}}]}<\/script>\n<!-- \/ Yoast SEO plugin. -->","yoast_head_json":{"title":"Dentina MC enliven - Ordina Online","robots":{"index":"index","follow":"follow","max-snippet":"max-snippet:-1","max-image-preview":"max-image-preview:large","max-video-preview":"max-video-preview:-1"},"canonical":"https:\/\/yenco.it\/ordina-online\/negozio\/ceramica\/mc-enliven-metallo-ceramica\/dentina-mc-enliven\/","og_locale":"it_IT","og_type":"article","og_title":"Dentina MC enliven - Ordina Online","og_description":"enliven \u00e8 una metallo ceramica completamente nuova, pi\u00f9 luminosa e ancora pi\u00f9 facile da usare. Crea corone dalla brillantezza profonda e vitale senza ricorrere alla complessit\u00e0 della stratificazione multipla. Confezioni disponibili: 20 gr., 50 gr. Colori: A1-D4, BL2 e BL3.","og_url":"https:\/\/yenco.it\/ordina-online\/negozio\/ceramica\/mc-enliven-metallo-ceramica\/dentina-mc-enliven\/","og_site_name":"Ordina Online","article_modified_time":"2025-07-18T11:00:23+00:00","og_image":[{"width":1379,"height":1827,"url":"https:\/\/yenco.it\/ordina-online\/wp-content\/uploads\/2018\/07\/enliven_dentines_3825.png","type":"image\/png"}],"twitter_card":"summary_large_image","schema":{"@context":"https:\/\/schema.org","@graph":[{"@type":"WebPage","@id":"https:\/\/yenco.it\/ordina-online\/negozio\/ceramica\/mc-enliven-metallo-ceramica\/dentina-mc-enliven\/","url":"https:\/\/yenco.it\/ordina-online\/negozio\/ceramica\/mc-enliven-metallo-ceramica\/dentina-mc-enliven\/","name":"Dentina MC enliven - Ordina Online","isPartOf":{"@id":"https:\/\/yenco.it\/ordina-online\/#website"},"primaryImageOfPage":{"@id":"https:\/\/yenco.it\/ordina-online\/negozio\/ceramica\/mc-enliven-metallo-ceramica\/dentina-mc-enliven\/#primaryimage"},"image":{"@id":"https:\/\/yenco.it\/ordina-online\/negozio\/ceramica\/mc-enliven-metallo-ceramica\/dentina-mc-enliven\/#primaryimage"},"thumbnailUrl":"https:\/\/yenco.it\/ordina-online\/wp-content\/uploads\/2018\/07\/enliven_dentines_3825.png","datePublished":"2018-07-27T10:19:46+00:00","dateModified":"2025-07-18T11:00:23+00:00","breadcrumb":{"@id":"https:\/\/yenco.it\/ordina-online\/negozio\/ceramica\/mc-enliven-metallo-ceramica\/dentina-mc-enliven\/#breadcrumb"},"inLanguage":"it-IT","potentialAction":[{"@type":"ReadAction","target":["https:\/\/yenco.it\/ordina-online\/negozio\/ceramica\/mc-enliven-metallo-ceramica\/dentina-mc-enliven\/"]}]},{"@type":"ImageObject","inLanguage":"it-IT","@id":"https:\/\/yenco.it\/ordina-online\/negozio\/ceramica\/mc-enliven-metallo-ceramica\/dentina-mc-enliven\/#primaryimage","url":"https:\/\/yenco.it\/ordina-online\/wp-content\/uploads\/2018\/07\/enliven_dentines_3825.png","contentUrl":"https:\/\/yenco.it\/ordina-online\/wp-content\/uploads\/2018\/07\/enliven_dentines_3825.png","width":1379,"height":1827},{"@type":"BreadcrumbList","@id":"https:\/\/yenco.it\/ordina-online\/negozio\/ceramica\/mc-enliven-metallo-ceramica\/dentina-mc-enliven\/#breadcrumb","itemListElement":[{"@type":"ListItem","position":1,"name":"Home","item":"https:\/\/yenco.it\/ordina-online\/"},{"@type":"ListItem","position":2,"name":"Shop","item":"https:\/\/yenco.it\/ordina-online\/"},{"@type":"ListItem","position":3,"name":"Dentina MC enliven"}]},{"@type":"WebSite","@id":"https:\/\/yenco.it\/ordina-online\/#website","url":"https:\/\/yenco.it\/ordina-online\/","name":"Ordina Online","description":"Ordina Online - Yen Co","publisher":{"@id":"https:\/\/yenco.it\/ordina-online\/#organization"},"potentialAction":[{"@type":"SearchAction","target":{"@type":"EntryPoint","urlTemplate":"https:\/\/yenco.it\/ordina-online\/?s={search_term_string}"},"query-input":{"@type":"PropertyValueSpecification","valueRequired":true,"valueName":"search_term_string"}}],"inLanguage":"it-IT"},{"@type":"Organization","@id":"https:\/\/yenco.it\/ordina-online\/#organization","name":"Ordina Online","url":"https:\/\/yenco.it\/ordina-online\/","logo":{"@type":"ImageObject","inLanguage":"it-IT","@id":"https:\/\/yenco.it\/ordina-online\/#\/schema\/logo\/image\/","url":"https:\/\/yenco.it\/ordina-online\/wp-content\/uploads\/2021\/09\/yenco-la-natura-che-ci-ispira-ordini.png","contentUrl":"https:\/\/yenco.it\/ordina-online\/wp-content\/uploads\/2021\/09\/yenco-la-natura-che-ci-ispira-ordini.png","width":1960,"height":459,"caption":"Ordina Online"},"image":{"@id":"https:\/\/yenco.it\/ordina-online\/#\/schema\/logo\/image\/"}}]}},"_links":{"self":[{"href":"https:\/\/yenco.it\/ordina-online\/wp-json\/wp\/v2\/product\/33091","targetHints":{"allow":["GET"]}}],"collection":[{"href":"https:\/\/yenco.it\/ordina-online\/wp-json\/wp\/v2\/product"}],"about":[{"href":"https:\/\/yenco.it\/ordina-online\/wp-json\/wp\/v2\/types\/product"}],"wp:featuredmedia":[{"embeddable":true,"href":"https:\/\/yenco.it\/ordina-online\/wp-json\/wp\/v2\/media\/17810"}],"wp:attachment":[{"href":"https:\/\/yenco.it\/ordina-online\/wp-json\/wp\/v2\/media?parent=33091"}],"wp:term":[{"taxonomy":"product_brand","embeddable":true,"href":"https:\/\/yenco.it\/ordina-online\/wp-json\/wp\/v2\/product_brand?post=33091"},{"taxonomy":"product_cat","embeddable":true,"href":"https:\/\/yenco.it\/ordina-online\/wp-json\/wp\/v2\/product_cat?post=33091"},{"taxonomy":"product_tag","embeddable":true,"href":"https:\/\/yenco.it\/ordina-online\/wp-json\/wp\/v2\/product_tag?post=33091"}],"curies":[{"name":"wp","href":"https:\/\/api.w.org\/{rel}","templated":true}]}}