{"id":37243,"date":"2022-04-01T11:11:36","date_gmt":"2022-04-01T09:11:36","guid":{"rendered":"https:\/\/yenco.it\/ordina-online\/?post_type=product&#038;p=37243"},"modified":"2025-07-18T13:00:59","modified_gmt":"2025-07-18T11:00:59","slug":"resina-graphy-thd-per-basi-protesiche","status":"publish","type":"product","link":"https:\/\/yenco.it\/ordina-online\/negozio\/stampa-3d\/resina-graphy-thd-per-basi-protesiche\/","title":{"rendered":"Resina THD per basi protesiche"},"content":{"rendered":"","protected":false},"excerpt":{"rendered":"<p>Tera Harz THD (Denture Base) \u00e8 un materiale sviluppato per basi protesiche.<\/p>\n<p>Compatibilit\u00e0<\/p>\n<p>Tera Harz THD \u00e8 compatibile con tutte le stampanti 3D a 405 nm.<\/p>\n<p>Colore: magenta. Confezione: 1 kg.<\/p>\n","protected":false},"featured_media":37207,"template":"","meta":{"_et_pb_use_builder":"","_et_pb_old_content":"","_et_gb_content_width":""},"product_brand":[],"product_cat":[406],"product_tag":[],"class_list":{"0":"post-37243","1":"product","2":"type-product","3":"status-publish","4":"has-post-thumbnail","6":"product_cat-stampa-3d","8":"first","9":"instock","10":"taxable","11":"shipping-taxable","12":"purchasable","13":"product-type-simple"},"yoast_head":"<!-- This site is optimized with the Yoast SEO plugin v27.2 - https:\/\/yoast.com\/product\/yoast-seo-wordpress\/ -->\n<title>Resina THD per basi protesiche - Ordina Online<\/title>\n<meta name=\"robots\" content=\"index, follow, max-snippet:-1, max-image-preview:large, max-video-preview:-1\" \/>\n<link rel=\"canonical\" href=\"https:\/\/yenco.it\/ordina-online\/negozio\/stampa-3d\/resina-graphy-thd-per-basi-protesiche\/\" \/>\n<meta property=\"og:locale\" content=\"it_IT\" \/>\n<meta property=\"og:type\" content=\"article\" \/>\n<meta property=\"og:title\" content=\"Resina THD per basi protesiche - Ordina Online\" \/>\n<meta property=\"og:description\" content=\"Tera Harz THD (Denture Base) \u00e8 un materiale sviluppato per basi protesiche.  Compatibilit\u00e0  Tera Harz THD \u00e8 compatibile con tutte le stampanti 3D a 405 nm.  Colore: magenta. Confezione: 1 kg.\" \/>\n<meta property=\"og:url\" content=\"https:\/\/yenco.it\/ordina-online\/negozio\/stampa-3d\/resina-graphy-thd-per-basi-protesiche\/\" \/>\n<meta property=\"og:site_name\" content=\"Ordina Online\" \/>\n<meta property=\"article:modified_time\" content=\"2025-07-18T11:00:59+00:00\" \/>\n<meta property=\"og:image\" content=\"https:\/\/yenco.it\/ordina-online\/wp-content\/uploads\/2021\/11\/resina-thd-basi-protesiche.png\" \/>\n\t<meta property=\"og:image:width\" content=\"1080\" \/>\n\t<meta property=\"og:image:height\" content=\"1080\" \/>\n\t<meta property=\"og:image:type\" content=\"image\/png\" \/>\n<meta name=\"twitter:card\" content=\"summary_large_image\" \/>\n<script type=\"application\/ld+json\" class=\"yoast-schema-graph\">{\"@context\":\"https:\/\/schema.org\",\"@graph\":[{\"@type\":\"WebPage\",\"@id\":\"https:\/\/yenco.it\/ordina-online\/negozio\/stampa-3d\/resina-graphy-thd-per-basi-protesiche\/\",\"url\":\"https:\/\/yenco.it\/ordina-online\/negozio\/stampa-3d\/resina-graphy-thd-per-basi-protesiche\/\",\"name\":\"Resina THD per basi protesiche - Ordina Online\",\"isPartOf\":{\"@id\":\"https:\/\/yenco.it\/ordina-online\/#website\"},\"primaryImageOfPage\":{\"@id\":\"https:\/\/yenco.it\/ordina-online\/negozio\/stampa-3d\/resina-graphy-thd-per-basi-protesiche\/#primaryimage\"},\"image\":{\"@id\":\"https:\/\/yenco.it\/ordina-online\/negozio\/stampa-3d\/resina-graphy-thd-per-basi-protesiche\/#primaryimage\"},\"thumbnailUrl\":\"https:\/\/yenco.it\/ordina-online\/wp-content\/uploads\/2021\/11\/resina-thd-basi-protesiche.png\",\"datePublished\":\"2022-04-01T09:11:36+00:00\",\"dateModified\":\"2025-07-18T11:00:59+00:00\",\"breadcrumb\":{\"@id\":\"https:\/\/yenco.it\/ordina-online\/negozio\/stampa-3d\/resina-graphy-thd-per-basi-protesiche\/#breadcrumb\"},\"inLanguage\":\"it-IT\",\"potentialAction\":[{\"@type\":\"ReadAction\",\"target\":[\"https:\/\/yenco.it\/ordina-online\/negozio\/stampa-3d\/resina-graphy-thd-per-basi-protesiche\/\"]}]},{\"@type\":\"ImageObject\",\"inLanguage\":\"it-IT\",\"@id\":\"https:\/\/yenco.it\/ordina-online\/negozio\/stampa-3d\/resina-graphy-thd-per-basi-protesiche\/#primaryimage\",\"url\":\"https:\/\/yenco.it\/ordina-online\/wp-content\/uploads\/2021\/11\/resina-thd-basi-protesiche.png\",\"contentUrl\":\"https:\/\/yenco.it\/ordina-online\/wp-content\/uploads\/2021\/11\/resina-thd-basi-protesiche.png\",\"width\":1080,\"height\":1080},{\"@type\":\"BreadcrumbList\",\"@id\":\"https:\/\/yenco.it\/ordina-online\/negozio\/stampa-3d\/resina-graphy-thd-per-basi-protesiche\/#breadcrumb\",\"itemListElement\":[{\"@type\":\"ListItem\",\"position\":1,\"name\":\"Home\",\"item\":\"https:\/\/yenco.it\/ordina-online\/\"},{\"@type\":\"ListItem\",\"position\":2,\"name\":\"Shop\",\"item\":\"https:\/\/yenco.it\/ordina-online\/\"},{\"@type\":\"ListItem\",\"position\":3,\"name\":\"Resina THD per basi protesiche\"}]},{\"@type\":\"WebSite\",\"@id\":\"https:\/\/yenco.it\/ordina-online\/#website\",\"url\":\"https:\/\/yenco.it\/ordina-online\/\",\"name\":\"Ordina Online\",\"description\":\"Ordina Online - Yen Co\",\"publisher\":{\"@id\":\"https:\/\/yenco.it\/ordina-online\/#organization\"},\"potentialAction\":[{\"@type\":\"SearchAction\",\"target\":{\"@type\":\"EntryPoint\",\"urlTemplate\":\"https:\/\/yenco.it\/ordina-online\/?s={search_term_string}\"},\"query-input\":{\"@type\":\"PropertyValueSpecification\",\"valueRequired\":true,\"valueName\":\"search_term_string\"}}],\"inLanguage\":\"it-IT\"},{\"@type\":\"Organization\",\"@id\":\"https:\/\/yenco.it\/ordina-online\/#organization\",\"name\":\"Ordina Online\",\"url\":\"https:\/\/yenco.it\/ordina-online\/\",\"logo\":{\"@type\":\"ImageObject\",\"inLanguage\":\"it-IT\",\"@id\":\"https:\/\/yenco.it\/ordina-online\/#\/schema\/logo\/image\/\",\"url\":\"https:\/\/yenco.it\/ordina-online\/wp-content\/uploads\/2021\/09\/yenco-la-natura-che-ci-ispira-ordini.png\",\"contentUrl\":\"https:\/\/yenco.it\/ordina-online\/wp-content\/uploads\/2021\/09\/yenco-la-natura-che-ci-ispira-ordini.png\",\"width\":1960,\"height\":459,\"caption\":\"Ordina Online\"},\"image\":{\"@id\":\"https:\/\/yenco.it\/ordina-online\/#\/schema\/logo\/image\/\"}}]}<\/script>\n<!-- \/ Yoast SEO plugin. -->","yoast_head_json":{"title":"Resina THD per basi protesiche - Ordina Online","robots":{"index":"index","follow":"follow","max-snippet":"max-snippet:-1","max-image-preview":"max-image-preview:large","max-video-preview":"max-video-preview:-1"},"canonical":"https:\/\/yenco.it\/ordina-online\/negozio\/stampa-3d\/resina-graphy-thd-per-basi-protesiche\/","og_locale":"it_IT","og_type":"article","og_title":"Resina THD per basi protesiche - Ordina Online","og_description":"Tera Harz THD (Denture Base) \u00e8 un materiale sviluppato per basi protesiche.  Compatibilit\u00e0  Tera Harz THD \u00e8 compatibile con tutte le stampanti 3D a 405 nm.  Colore: magenta. Confezione: 1 kg.","og_url":"https:\/\/yenco.it\/ordina-online\/negozio\/stampa-3d\/resina-graphy-thd-per-basi-protesiche\/","og_site_name":"Ordina Online","article_modified_time":"2025-07-18T11:00:59+00:00","og_image":[{"width":1080,"height":1080,"url":"https:\/\/yenco.it\/ordina-online\/wp-content\/uploads\/2021\/11\/resina-thd-basi-protesiche.png","type":"image\/png"}],"twitter_card":"summary_large_image","schema":{"@context":"https:\/\/schema.org","@graph":[{"@type":"WebPage","@id":"https:\/\/yenco.it\/ordina-online\/negozio\/stampa-3d\/resina-graphy-thd-per-basi-protesiche\/","url":"https:\/\/yenco.it\/ordina-online\/negozio\/stampa-3d\/resina-graphy-thd-per-basi-protesiche\/","name":"Resina THD per basi protesiche - Ordina Online","isPartOf":{"@id":"https:\/\/yenco.it\/ordina-online\/#website"},"primaryImageOfPage":{"@id":"https:\/\/yenco.it\/ordina-online\/negozio\/stampa-3d\/resina-graphy-thd-per-basi-protesiche\/#primaryimage"},"image":{"@id":"https:\/\/yenco.it\/ordina-online\/negozio\/stampa-3d\/resina-graphy-thd-per-basi-protesiche\/#primaryimage"},"thumbnailUrl":"https:\/\/yenco.it\/ordina-online\/wp-content\/uploads\/2021\/11\/resina-thd-basi-protesiche.png","datePublished":"2022-04-01T09:11:36+00:00","dateModified":"2025-07-18T11:00:59+00:00","breadcrumb":{"@id":"https:\/\/yenco.it\/ordina-online\/negozio\/stampa-3d\/resina-graphy-thd-per-basi-protesiche\/#breadcrumb"},"inLanguage":"it-IT","potentialAction":[{"@type":"ReadAction","target":["https:\/\/yenco.it\/ordina-online\/negozio\/stampa-3d\/resina-graphy-thd-per-basi-protesiche\/"]}]},{"@type":"ImageObject","inLanguage":"it-IT","@id":"https:\/\/yenco.it\/ordina-online\/negozio\/stampa-3d\/resina-graphy-thd-per-basi-protesiche\/#primaryimage","url":"https:\/\/yenco.it\/ordina-online\/wp-content\/uploads\/2021\/11\/resina-thd-basi-protesiche.png","contentUrl":"https:\/\/yenco.it\/ordina-online\/wp-content\/uploads\/2021\/11\/resina-thd-basi-protesiche.png","width":1080,"height":1080},{"@type":"BreadcrumbList","@id":"https:\/\/yenco.it\/ordina-online\/negozio\/stampa-3d\/resina-graphy-thd-per-basi-protesiche\/#breadcrumb","itemListElement":[{"@type":"ListItem","position":1,"name":"Home","item":"https:\/\/yenco.it\/ordina-online\/"},{"@type":"ListItem","position":2,"name":"Shop","item":"https:\/\/yenco.it\/ordina-online\/"},{"@type":"ListItem","position":3,"name":"Resina THD per basi protesiche"}]},{"@type":"WebSite","@id":"https:\/\/yenco.it\/ordina-online\/#website","url":"https:\/\/yenco.it\/ordina-online\/","name":"Ordina Online","description":"Ordina Online - Yen Co","publisher":{"@id":"https:\/\/yenco.it\/ordina-online\/#organization"},"potentialAction":[{"@type":"SearchAction","target":{"@type":"EntryPoint","urlTemplate":"https:\/\/yenco.it\/ordina-online\/?s={search_term_string}"},"query-input":{"@type":"PropertyValueSpecification","valueRequired":true,"valueName":"search_term_string"}}],"inLanguage":"it-IT"},{"@type":"Organization","@id":"https:\/\/yenco.it\/ordina-online\/#organization","name":"Ordina Online","url":"https:\/\/yenco.it\/ordina-online\/","logo":{"@type":"ImageObject","inLanguage":"it-IT","@id":"https:\/\/yenco.it\/ordina-online\/#\/schema\/logo\/image\/","url":"https:\/\/yenco.it\/ordina-online\/wp-content\/uploads\/2021\/09\/yenco-la-natura-che-ci-ispira-ordini.png","contentUrl":"https:\/\/yenco.it\/ordina-online\/wp-content\/uploads\/2021\/09\/yenco-la-natura-che-ci-ispira-ordini.png","width":1960,"height":459,"caption":"Ordina Online"},"image":{"@id":"https:\/\/yenco.it\/ordina-online\/#\/schema\/logo\/image\/"}}]}},"_links":{"self":[{"href":"https:\/\/yenco.it\/ordina-online\/wp-json\/wp\/v2\/product\/37243","targetHints":{"allow":["GET"]}}],"collection":[{"href":"https:\/\/yenco.it\/ordina-online\/wp-json\/wp\/v2\/product"}],"about":[{"href":"https:\/\/yenco.it\/ordina-online\/wp-json\/wp\/v2\/types\/product"}],"wp:featuredmedia":[{"embeddable":true,"href":"https:\/\/yenco.it\/ordina-online\/wp-json\/wp\/v2\/media\/37207"}],"wp:attachment":[{"href":"https:\/\/yenco.it\/ordina-online\/wp-json\/wp\/v2\/media?parent=37243"}],"wp:term":[{"taxonomy":"product_brand","embeddable":true,"href":"https:\/\/yenco.it\/ordina-online\/wp-json\/wp\/v2\/product_brand?post=37243"},{"taxonomy":"product_cat","embeddable":true,"href":"https:\/\/yenco.it\/ordina-online\/wp-json\/wp\/v2\/product_cat?post=37243"},{"taxonomy":"product_tag","embeddable":true,"href":"https:\/\/yenco.it\/ordina-online\/wp-json\/wp\/v2\/product_tag?post=37243"}],"curies":[{"name":"wp","href":"https:\/\/api.w.org\/{rel}","templated":true}]}}