{"id":37403,"date":"2023-02-10T15:51:41","date_gmt":"2023-02-10T14:51:41","guid":{"rendered":"https:\/\/yenco.it\/ordina-online\/?post_type=product&#038;p=37403"},"modified":"2025-07-18T13:01:08","modified_gmt":"2025-07-18T11:01:08","slug":"fotopolimerizzatore-tera-harz-cure","status":"publish","type":"product","link":"https:\/\/yenco.it\/ordina-online\/negozio\/stampa-3d\/fotopolimerizzatore-tera-harz-cure\/","title":{"rendered":"Fotopolimerizzatore Tera Harz Cure"},"content":{"rendered":"","protected":false},"excerpt":{"rendered":"<p><strong>Fotopolimerizzatore Cure M U102H<\/strong><\/p>\n<p>Fonte di luce: UV LED<\/p>\n<p>Voltaggio input: 100-240 V. 50\/60Hz<\/p>\n<p>Display: Touchscreen da 7.9\u201d <\/p>\n<p>Lunghezza d\u2019onda LED: 405nm<\/p>\n<p>Potenza LED: 200W<\/p>\n<p>Densit\u00e0 energetica UV: 280,000mJ\/cm<sup>2<\/sup><\/p>\n<p>Irradiazione UV: 1.00mW\/cm<sup>2<\/sup><\/p>\n<p>Temperatura di esercizio: 5 &#8211; 35\u02daC<\/p>\n<p>Camera di polimerizzazione (piatto girevole): 180\u00d8,<\/p>\n<p>65mm(H)<\/p>\n<p>Dimensioni esterne: 275 \u00d7 310 \u00d7 310mm<\/p>\n<p>Peso: 9kg<\/p>\n","protected":false},"featured_media":37404,"template":"","meta":{"_et_pb_use_builder":"","_et_pb_old_content":"","_et_gb_content_width":""},"product_brand":[],"product_cat":[406],"product_tag":[],"class_list":{"0":"post-37403","1":"product","2":"type-product","3":"status-publish","4":"has-post-thumbnail","6":"product_cat-stampa-3d","8":"first","9":"instock","10":"sold-individually","11":"taxable","12":"shipping-taxable","13":"purchasable","14":"product-type-simple"},"yoast_head":"<!-- This site is optimized with the Yoast SEO plugin v27.2 - https:\/\/yoast.com\/product\/yoast-seo-wordpress\/ -->\n<title>Fotopolimerizzatore Tera Harz Cure - Ordina Online<\/title>\n<meta name=\"robots\" content=\"index, follow, max-snippet:-1, max-image-preview:large, max-video-preview:-1\" \/>\n<link rel=\"canonical\" href=\"https:\/\/yenco.it\/ordina-online\/negozio\/stampa-3d\/fotopolimerizzatore-tera-harz-cure\/\" \/>\n<meta property=\"og:locale\" content=\"it_IT\" \/>\n<meta property=\"og:type\" content=\"article\" \/>\n<meta property=\"og:title\" content=\"Fotopolimerizzatore Tera Harz Cure - Ordina Online\" \/>\n<meta property=\"og:description\" content=\"Fotopolimerizzatore Cure M U102H  Fonte di luce: UV LED  Voltaggio input: 100-240 V. 50\/60Hz  Display: Touchscreen da 7.9\u201d   Lunghezza d\u2019onda LED: 405nm  Potenza LED: 200W  Densit\u00e0 energetica UV: 280,000mJ\/cm2  Irradiazione UV: 1.00mW\/cm2  Temperatura di esercizio: 5 - 35\u02daC  Camera di polimerizzazione (piatto girevole): 180\u00d8,  65mm(H)  Dimensioni esterne: 275 \u00d7 310 \u00d7 310mm  Peso: 9kg\" \/>\n<meta property=\"og:url\" content=\"https:\/\/yenco.it\/ordina-online\/negozio\/stampa-3d\/fotopolimerizzatore-tera-harz-cure\/\" \/>\n<meta property=\"og:site_name\" content=\"Ordina Online\" \/>\n<meta property=\"article:modified_time\" content=\"2025-07-18T11:01:08+00:00\" \/>\n<meta property=\"og:image\" content=\"https:\/\/yenco.it\/ordina-online\/wp-content\/uploads\/2023\/02\/foto.png\" \/>\n\t<meta property=\"og:image:width\" content=\"395\" \/>\n\t<meta property=\"og:image:height\" content=\"497\" \/>\n\t<meta property=\"og:image:type\" content=\"image\/png\" \/>\n<meta name=\"twitter:card\" content=\"summary_large_image\" \/>\n<script type=\"application\/ld+json\" class=\"yoast-schema-graph\">{\"@context\":\"https:\/\/schema.org\",\"@graph\":[{\"@type\":\"WebPage\",\"@id\":\"https:\/\/yenco.it\/ordina-online\/negozio\/stampa-3d\/fotopolimerizzatore-tera-harz-cure\/\",\"url\":\"https:\/\/yenco.it\/ordina-online\/negozio\/stampa-3d\/fotopolimerizzatore-tera-harz-cure\/\",\"name\":\"Fotopolimerizzatore Tera Harz Cure - Ordina Online\",\"isPartOf\":{\"@id\":\"https:\/\/yenco.it\/ordina-online\/#website\"},\"primaryImageOfPage\":{\"@id\":\"https:\/\/yenco.it\/ordina-online\/negozio\/stampa-3d\/fotopolimerizzatore-tera-harz-cure\/#primaryimage\"},\"image\":{\"@id\":\"https:\/\/yenco.it\/ordina-online\/negozio\/stampa-3d\/fotopolimerizzatore-tera-harz-cure\/#primaryimage\"},\"thumbnailUrl\":\"https:\/\/yenco.it\/ordina-online\/wp-content\/uploads\/2023\/02\/foto.png\",\"datePublished\":\"2023-02-10T14:51:41+00:00\",\"dateModified\":\"2025-07-18T11:01:08+00:00\",\"breadcrumb\":{\"@id\":\"https:\/\/yenco.it\/ordina-online\/negozio\/stampa-3d\/fotopolimerizzatore-tera-harz-cure\/#breadcrumb\"},\"inLanguage\":\"it-IT\",\"potentialAction\":[{\"@type\":\"ReadAction\",\"target\":[\"https:\/\/yenco.it\/ordina-online\/negozio\/stampa-3d\/fotopolimerizzatore-tera-harz-cure\/\"]}]},{\"@type\":\"ImageObject\",\"inLanguage\":\"it-IT\",\"@id\":\"https:\/\/yenco.it\/ordina-online\/negozio\/stampa-3d\/fotopolimerizzatore-tera-harz-cure\/#primaryimage\",\"url\":\"https:\/\/yenco.it\/ordina-online\/wp-content\/uploads\/2023\/02\/foto.png\",\"contentUrl\":\"https:\/\/yenco.it\/ordina-online\/wp-content\/uploads\/2023\/02\/foto.png\",\"width\":395,\"height\":497},{\"@type\":\"BreadcrumbList\",\"@id\":\"https:\/\/yenco.it\/ordina-online\/negozio\/stampa-3d\/fotopolimerizzatore-tera-harz-cure\/#breadcrumb\",\"itemListElement\":[{\"@type\":\"ListItem\",\"position\":1,\"name\":\"Home\",\"item\":\"https:\/\/yenco.it\/ordina-online\/\"},{\"@type\":\"ListItem\",\"position\":2,\"name\":\"Shop\",\"item\":\"https:\/\/yenco.it\/ordina-online\/\"},{\"@type\":\"ListItem\",\"position\":3,\"name\":\"Fotopolimerizzatore Tera Harz Cure\"}]},{\"@type\":\"WebSite\",\"@id\":\"https:\/\/yenco.it\/ordina-online\/#website\",\"url\":\"https:\/\/yenco.it\/ordina-online\/\",\"name\":\"Ordina Online\",\"description\":\"Ordina Online - Yen Co\",\"publisher\":{\"@id\":\"https:\/\/yenco.it\/ordina-online\/#organization\"},\"potentialAction\":[{\"@type\":\"SearchAction\",\"target\":{\"@type\":\"EntryPoint\",\"urlTemplate\":\"https:\/\/yenco.it\/ordina-online\/?s={search_term_string}\"},\"query-input\":{\"@type\":\"PropertyValueSpecification\",\"valueRequired\":true,\"valueName\":\"search_term_string\"}}],\"inLanguage\":\"it-IT\"},{\"@type\":\"Organization\",\"@id\":\"https:\/\/yenco.it\/ordina-online\/#organization\",\"name\":\"Ordina Online\",\"url\":\"https:\/\/yenco.it\/ordina-online\/\",\"logo\":{\"@type\":\"ImageObject\",\"inLanguage\":\"it-IT\",\"@id\":\"https:\/\/yenco.it\/ordina-online\/#\/schema\/logo\/image\/\",\"url\":\"https:\/\/yenco.it\/ordina-online\/wp-content\/uploads\/2021\/09\/yenco-la-natura-che-ci-ispira-ordini.png\",\"contentUrl\":\"https:\/\/yenco.it\/ordina-online\/wp-content\/uploads\/2021\/09\/yenco-la-natura-che-ci-ispira-ordini.png\",\"width\":1960,\"height\":459,\"caption\":\"Ordina Online\"},\"image\":{\"@id\":\"https:\/\/yenco.it\/ordina-online\/#\/schema\/logo\/image\/\"}}]}<\/script>\n<!-- \/ Yoast SEO plugin. -->","yoast_head_json":{"title":"Fotopolimerizzatore Tera Harz Cure - Ordina Online","robots":{"index":"index","follow":"follow","max-snippet":"max-snippet:-1","max-image-preview":"max-image-preview:large","max-video-preview":"max-video-preview:-1"},"canonical":"https:\/\/yenco.it\/ordina-online\/negozio\/stampa-3d\/fotopolimerizzatore-tera-harz-cure\/","og_locale":"it_IT","og_type":"article","og_title":"Fotopolimerizzatore Tera Harz Cure - Ordina Online","og_description":"Fotopolimerizzatore Cure M U102H  Fonte di luce: UV LED  Voltaggio input: 100-240 V. 50\/60Hz  Display: Touchscreen da 7.9\u201d   Lunghezza d\u2019onda LED: 405nm  Potenza LED: 200W  Densit\u00e0 energetica UV: 280,000mJ\/cm2  Irradiazione UV: 1.00mW\/cm2  Temperatura di esercizio: 5 - 35\u02daC  Camera di polimerizzazione (piatto girevole): 180\u00d8,  65mm(H)  Dimensioni esterne: 275 \u00d7 310 \u00d7 310mm  Peso: 9kg","og_url":"https:\/\/yenco.it\/ordina-online\/negozio\/stampa-3d\/fotopolimerizzatore-tera-harz-cure\/","og_site_name":"Ordina Online","article_modified_time":"2025-07-18T11:01:08+00:00","og_image":[{"width":395,"height":497,"url":"https:\/\/yenco.it\/ordina-online\/wp-content\/uploads\/2023\/02\/foto.png","type":"image\/png"}],"twitter_card":"summary_large_image","schema":{"@context":"https:\/\/schema.org","@graph":[{"@type":"WebPage","@id":"https:\/\/yenco.it\/ordina-online\/negozio\/stampa-3d\/fotopolimerizzatore-tera-harz-cure\/","url":"https:\/\/yenco.it\/ordina-online\/negozio\/stampa-3d\/fotopolimerizzatore-tera-harz-cure\/","name":"Fotopolimerizzatore Tera Harz Cure - Ordina Online","isPartOf":{"@id":"https:\/\/yenco.it\/ordina-online\/#website"},"primaryImageOfPage":{"@id":"https:\/\/yenco.it\/ordina-online\/negozio\/stampa-3d\/fotopolimerizzatore-tera-harz-cure\/#primaryimage"},"image":{"@id":"https:\/\/yenco.it\/ordina-online\/negozio\/stampa-3d\/fotopolimerizzatore-tera-harz-cure\/#primaryimage"},"thumbnailUrl":"https:\/\/yenco.it\/ordina-online\/wp-content\/uploads\/2023\/02\/foto.png","datePublished":"2023-02-10T14:51:41+00:00","dateModified":"2025-07-18T11:01:08+00:00","breadcrumb":{"@id":"https:\/\/yenco.it\/ordina-online\/negozio\/stampa-3d\/fotopolimerizzatore-tera-harz-cure\/#breadcrumb"},"inLanguage":"it-IT","potentialAction":[{"@type":"ReadAction","target":["https:\/\/yenco.it\/ordina-online\/negozio\/stampa-3d\/fotopolimerizzatore-tera-harz-cure\/"]}]},{"@type":"ImageObject","inLanguage":"it-IT","@id":"https:\/\/yenco.it\/ordina-online\/negozio\/stampa-3d\/fotopolimerizzatore-tera-harz-cure\/#primaryimage","url":"https:\/\/yenco.it\/ordina-online\/wp-content\/uploads\/2023\/02\/foto.png","contentUrl":"https:\/\/yenco.it\/ordina-online\/wp-content\/uploads\/2023\/02\/foto.png","width":395,"height":497},{"@type":"BreadcrumbList","@id":"https:\/\/yenco.it\/ordina-online\/negozio\/stampa-3d\/fotopolimerizzatore-tera-harz-cure\/#breadcrumb","itemListElement":[{"@type":"ListItem","position":1,"name":"Home","item":"https:\/\/yenco.it\/ordina-online\/"},{"@type":"ListItem","position":2,"name":"Shop","item":"https:\/\/yenco.it\/ordina-online\/"},{"@type":"ListItem","position":3,"name":"Fotopolimerizzatore Tera Harz Cure"}]},{"@type":"WebSite","@id":"https:\/\/yenco.it\/ordina-online\/#website","url":"https:\/\/yenco.it\/ordina-online\/","name":"Ordina Online","description":"Ordina Online - Yen Co","publisher":{"@id":"https:\/\/yenco.it\/ordina-online\/#organization"},"potentialAction":[{"@type":"SearchAction","target":{"@type":"EntryPoint","urlTemplate":"https:\/\/yenco.it\/ordina-online\/?s={search_term_string}"},"query-input":{"@type":"PropertyValueSpecification","valueRequired":true,"valueName":"search_term_string"}}],"inLanguage":"it-IT"},{"@type":"Organization","@id":"https:\/\/yenco.it\/ordina-online\/#organization","name":"Ordina Online","url":"https:\/\/yenco.it\/ordina-online\/","logo":{"@type":"ImageObject","inLanguage":"it-IT","@id":"https:\/\/yenco.it\/ordina-online\/#\/schema\/logo\/image\/","url":"https:\/\/yenco.it\/ordina-online\/wp-content\/uploads\/2021\/09\/yenco-la-natura-che-ci-ispira-ordini.png","contentUrl":"https:\/\/yenco.it\/ordina-online\/wp-content\/uploads\/2021\/09\/yenco-la-natura-che-ci-ispira-ordini.png","width":1960,"height":459,"caption":"Ordina Online"},"image":{"@id":"https:\/\/yenco.it\/ordina-online\/#\/schema\/logo\/image\/"}}]}},"_links":{"self":[{"href":"https:\/\/yenco.it\/ordina-online\/wp-json\/wp\/v2\/product\/37403","targetHints":{"allow":["GET"]}}],"collection":[{"href":"https:\/\/yenco.it\/ordina-online\/wp-json\/wp\/v2\/product"}],"about":[{"href":"https:\/\/yenco.it\/ordina-online\/wp-json\/wp\/v2\/types\/product"}],"wp:featuredmedia":[{"embeddable":true,"href":"https:\/\/yenco.it\/ordina-online\/wp-json\/wp\/v2\/media\/37404"}],"wp:attachment":[{"href":"https:\/\/yenco.it\/ordina-online\/wp-json\/wp\/v2\/media?parent=37403"}],"wp:term":[{"taxonomy":"product_brand","embeddable":true,"href":"https:\/\/yenco.it\/ordina-online\/wp-json\/wp\/v2\/product_brand?post=37403"},{"taxonomy":"product_cat","embeddable":true,"href":"https:\/\/yenco.it\/ordina-online\/wp-json\/wp\/v2\/product_cat?post=37403"},{"taxonomy":"product_tag","embeddable":true,"href":"https:\/\/yenco.it\/ordina-online\/wp-json\/wp\/v2\/product_tag?post=37403"}],"curies":[{"name":"wp","href":"https:\/\/api.w.org\/{rel}","templated":true}]}}